{"id":47,"date":"2022-12-06T10:18:31","date_gmt":"2022-12-06T09:18:31","guid":{"rendered":"https:\/\/www.wunschhochzeit.at\/datenschutz\/"},"modified":"2023-02-16T07:32:27","modified_gmt":"2023-02-16T06:32:27","slug":"datenschutz","status":"publish","type":"page","link":"https:\/\/www.wunschhochzeit.at\/de\/datenschutz\/","title":{"rendered":"Datenschutz"},"content":{"rendered":"<h1 class=\"wp-block-heading\">Datenschutzerkl\u00e4rung<\/h1>\n\n<p>Der Verantwortliche im Sinne der Datenschutz-Grundverordnung (DSGVO) ist:<br \/>Mag. Barbara Kowalke, Kaspar-Schoch-Stra\u00dfe 17, 6900 Bregenz, \u00d6sterreich<br \/>Mail: office@wunschhochzeit.at<br \/>Webseite: www.wunschhochzeit.at<\/p>\n\n<h2 class=\"wp-block-heading\">II. Allgemeines zur Datenverarbeitung<\/h2>\n\n<h3>1. Umfang der Verarbeitung personenbezogener Daten<\/h3><p>Unsere Verarbeitung personenbezogener Daten unserer Nutzer beschr\u00e4nkt sich auf jene Daten, die zur Bereitstellung einer funktionsf\u00e4higen Internetseite sowie unserer Inhalte und Leistungen erforderlich sind. Die Verarbeitung personenbezogener Daten unserer Nutzer erfolgt nur zu den mit Ihnen vereinbarten Zwecken oder wenn eine sonstige rechtliche Grundlage (im Sinn der DSGVO) vorliegt. Es werden nur solche personenbezogenen Daten erhoben, die f\u00fcr die Durchf\u00fchrung und Abwicklung unserer Aufgaben und Leistungen tats\u00e4chlich erforderlich sind oder die Sie uns freiwillig zur Verf\u00fcgung gestellt haben.<\/p><h3>2. Ihre Rechte (Betroffenenrechte)<\/h3><p>Sie haben das Recht, Auskunft \u00fcber Ihre von uns verarbeiteten personenbezogenen Daten zu verlangen. Insbesondere k\u00f6nnen Sie Auskunft \u00fcber die Verarbeitungszwecke, die Kategorien der personenbezogenen Daten, die Kategorien von Empf\u00e4ngern, gegen\u00fcber denen Ihre Daten offengelegt wurden oder werden, die geplante Speicherdauer, das Bestehen eines Rechts auf Berichtigung, L\u00f6schung, Einschr\u00e4nkung der Verarbeitung oder Widerspruch, Daten\u00fcbertragung (sofern im Fall der Daten\u00fcbertragung nicht ein unverh\u00e4ltnism\u00e4ssiger Aufwand verursacht wird) , die Herkunft Ihrer Daten, sofern diese nicht bei uns erhoben wurden, sowie \u00fcber das Bestehen einer automatisierten Entscheidungsfindung einschliesslich Profiling verlangen.<\/p><p>Sie haben auch das Recht, eine allenfalls erteilte Einwilligung zur Nutzung Ihrer personenbezogenen Daten jederzeit zu widerrufen.<\/p><p>Sofern Sie der Auffassung sind, dass die Verarbeitung Ihrer personenbezogenen Daten durch uns im Widerspruch zu den geltenden Datenschutzbestimmungen steht, haben Sie die M\u00f6glichkeit, sich bei der Datenschutzstelle zu beschweren.<\/p>\n\n<h2 class=\"wp-block-heading\">III. Beschreibung und Umfang der Datenverarbeitung<\/h2>\n\n<h3>1. Bereitstellung der Webseite<\/h3>\n<p>Bei jedem Aufruf unserer Internetseite erfasst unser Webserver in sogenannten Server-Log Files automatisiert Daten und Informationen vom Computersystem des aufrufenden Rechners. Folgende Daten werden hierbei erhoben:<\/p>\n<ul>\n<li>Browsertyp und Browserversion<\/li>\n<li>verwendetes Betriebssystem<\/li>\n<li>Referrer URL<\/li>\n<li>IP-Adresse\/Hostname des zugreifenden Rechners<\/li>\n<li>Uhrzeit der Serveranfrage<\/li>\n<\/ul>\n<p>Diese Daten k\u00f6nnen unsererseits nicht bestimmten Personen zugeordnet werden. Diese Informationen speichern wir \u00fcber einen Zeitraum von maximal 30 Tagen. Die Speicherung erfolgt aus Gr\u00fcnden der Datensicherheit, um die Stabilit\u00e4t und die Betriebssicherheit unseres Systems zu gew\u00e4hrleisten.<\/p>\n<h3>2. Cookies<\/h3>\n<p>Wir verwenden auf unserer Webseite Cookies, um damit unser Angebot nutzerfreundlich zu gestalten. Cookies sind kleine Dateien, die Ihr Browser automatisch erstellt und die auf Ihrem Endger\u00e4t (Laptop, Tablet, Smartphone etc.) gespeichert werden, wenn Sie unsere Seite besuchen. Die Cookies bleiben so lange gespeichert, bis Sie diese l\u00f6schen. Dadurch k\u00f6nnen wir Ihren Browser beim n\u00e4chsten Besuch wieder erkennen.<\/p>\n<p>Sollten Sie dies nicht w\u00fcnschen, k\u00f6nnen Sie Ihren Browser so einrichten, dass er Sie \u00fcber das Setzen von Cookies informiert und Sie diese im Einzelfall erlauben. Wir weisen Sie allerdings darauf hin, dass eine Deaktivierung dazu f\u00fchrt, dass Sie nicht alle Funktionen unserer Webseite nutzen k\u00f6nnen.<\/p>\n<p>Rechtsgrundlage f\u00fcr die durch Cookies verarbeiteten Daten ist Art. 6 Abs. 1 S. 1 lit. f DSGVO.<\/p>\n<p>Die Cookies behalten f\u00fcr unbestimmte Zeit ihre G\u00fcltigkeit und werden anschliessend durch Ihren Browser gel\u00f6scht.<\/p>\n<p>In unserem Cookies-Hinweis finden sie alle Cookies aufgelistet, nach Funktion sortiert und im Detail erkl\u00e4rt. Sie k\u00f6nnen ihre Einstellungen individualisieren und entsprechend nur die notwendigen oder alle Cookies (inkl. Statistik, Marketing, etc.) zulassen oder ablehnen.<\/p>\n<h3>3. Webanalyse<\/h3>\n<p>Wir analysieren die Nutzung unseres Internetauftritts mit dem Open Source Webanalyse-Tool Matomo (ehemals Piwik; Datenschutzerkl\u00e4rung zu finden unter https:\/\/matomo.org\/privacy-policy\/). Dazu werden die automatisch erhobenen IP-Adressen vor der Auswertung jedoch anonymisiert. Alle erstellten Analysen basieren daher auf anonymisierten Datens\u00e4tzen und es findet keine personenbezogene Auswertung statt. Die Webanalyse dient ausschliesslich zur Optimierung der Webseite in Bezug auf Benutzerfreundlichkeit und Bereitstellung von n\u00fctzlichen Informationen \u00fcber unsere Leistungen. Eine Zusammenf\u00fchrung dieser Daten mit anderen personenbezogenen Datenquellen oder eine Weitergabe an Dritte erfolgt nicht.<\/p>\n<p>Matomo verwendet nebst den genannten Daten auch so genannte \u201eCookies\u201c (siehe oben).<\/p>\n<p>Alternativ k\u00f6nnen sie auch direkt via unserem Cookies-Hinweis ihre Einstellungen individualisieren und entsprechend nur die notwendigen oder sonst alle Cookies (inkl. Matomo) zulassen oder ablehnen.<\/p>\n<h3>4. Kontaktformular &amp; E-Mail Kontakt<\/h3>\n<p>F\u00fcllen Sie ein Kontaktformular aus oder senden Sie uns eine Mail oder eine sonstige elektronische Nachricht, werden Ihre Angaben nur f\u00fcr die Bearbeitung der Anfrage, m\u00f6gliche damit zusammenh\u00e4ngende weitere Fragen, gespeichert und nur im Rahmen der Anfrage verwendet.<\/p>\n<p>Rechtsgrundlage f\u00fcr die Bearbeitung Ihrer Anfrage ist Art. 6 Abs. 1 S. 1 lit. b DSGVO.<\/p>\n<p>Wir werden Ihre E-Mail-Adresse nach Erledigung Ihrer Anfrage l\u00f6schen.<\/p>\n\n<h2 class=\"wp-block-heading\">IV. Datensicherheit<\/h2>\n\n<h3>1. SSL-Verschl\u00fcsselung<\/h3><p>Wir verwenden innerhalb des Webseite-Besuchs das verbreitete TLS-Verfahren in Verbindung mit der jeweils h\u00f6chsten Verschl\u00fcsselungsstufe, die von Ihrem Browser unterst\u00fctzt wird. Ob eine einzelne Seite unseres Internetauftrittes verschl\u00fcsselt \u00fcbertragen wird, erkennen Sie an der geschlossenen Darstellung des Sch\u00fcssel- beziehungsweise Schloss-Symbols in der Adressleiste Ihres Browsers.<\/p><p>Dar\u00fcber hinaus wenden wir weitere geeignete technische und organisatorische Sicherheitsmassnahmen an, um Ihre Daten gegen zuf\u00e4llige oder vors\u00e4tzliche Manipulationen, teilweisen oder vollst\u00e4ndigen Verlust, Zerst\u00f6rung oder gegen den unbefugten Zugriff Dritter zu sch\u00fctzen. Unsere Sicherheitsmassnahmen werden entsprechend der technologischen Entwicklung fortlaufend verbessert.<\/p><h3>2. An uns gesendete Mails<\/h3><p>Wir machen Sie darauf aufmerksam, dass \u2013 vorbehaltlich einer expliziten Abmachung und Konfiguration \u2013 Mails an uns unverschl\u00fcsselt gesendet werden.<\/p><p>Der Schutz Ihrer pers\u00f6nlichen Daten ist uns ein besonderes Anliegen. Wir verarbeiten Ihre Daten daher ausschlie\u00dflich auf Grundlage der gesetzlichen Bestimmungen (DSGVO, TKG 2003). In diesen Datenschutzinformationen informieren wir Sie \u00fcber die wichtigsten Aspekte der Datenverarbeitung im Rahmen unserer Website.<\/p>\n\n<h2 class=\"wp-block-heading\">I. Name und Anschrift des Verantwortlichen<\/h2>","protected":false},"excerpt":{"rendered":"<p>Datenschutzerkl\u00e4rung Der Verantwortliche im Sinne der Datenschutz-Grundverordnung (DSGVO) ist:Mag. Barbara Kowalke, Kaspar-Schoch-Stra\u00dfe 17, 6900 Bregenz, \u00d6sterreichMail: office@wunschhochzeit.atWebseite: www.wunschhochzeit.at II. Allgemeines zur Datenverarbeitung 1. Umfang der Verarbeitung personenbezogener Daten Unsere Verarbeitung personenbezogener Daten unserer Nutzer beschr\u00e4nkt sich auf jene Daten, die zur Bereitstellung einer funktionsf\u00e4higen Internetseite sowie unserer Inhalte und Leistungen erforderlich sind. Die Verarbeitung personenbezogener [&hellip;]<\/p>\n","protected":false},"author":1,"featured_media":0,"parent":0,"menu_order":0,"comment_status":"closed","ping_status":"closed","template":"","meta":{"_seopress_robots_primary_cat":"","_seopress_titles_title":"","_seopress_titles_desc":"","_seopress_robots_index":"yes","footnotes":""},"class_list":["post-47","page","type-page","status-publish","hentry"],"meta_box":[],"_links":{"self":[{"href":"https:\/\/www.wunschhochzeit.at\/de\/wp-json\/wp\/v2\/pages\/47","targetHints":{"allow":["GET"]}}],"collection":[{"href":"https:\/\/www.wunschhochzeit.at\/de\/wp-json\/wp\/v2\/pages"}],"about":[{"href":"https:\/\/www.wunschhochzeit.at\/de\/wp-json\/wp\/v2\/types\/page"}],"author":[{"embeddable":true,"href":"https:\/\/www.wunschhochzeit.at\/de\/wp-json\/wp\/v2\/users\/1"}],"replies":[{"embeddable":true,"href":"https:\/\/www.wunschhochzeit.at\/de\/wp-json\/wp\/v2\/comments?post=47"}],"version-history":[{"count":0,"href":"https:\/\/www.wunschhochzeit.at\/de\/wp-json\/wp\/v2\/pages\/47\/revisions"}],"wp:attachment":[{"href":"https:\/\/www.wunschhochzeit.at\/de\/wp-json\/wp\/v2\/media?parent=47"}],"curies":[{"name":"wp","href":"https:\/\/api.w.org\/{rel}","templated":true}]}}