{"id":48,"date":"2022-12-06T10:18:31","date_gmt":"2022-12-06T09:18:31","guid":{"rendered":"https:\/\/www.wunschhochzeit.at\/feedback\/"},"modified":"2023-02-15T09:09:49","modified_gmt":"2023-02-15T08:09:49","slug":"feedback","status":"publish","type":"page","link":"https:\/\/www.wunschhochzeit.at\/de\/feedback\/","title":{"rendered":"Feedback"},"content":{"rendered":"<figure class=\"wp-block-image size-full\"><img decoding=\"async\" width=\"1920\" height=\"1280\" src=\"https:\/\/www.wunschhochzeit.at\/wp-content\/uploads\/2023\/01\/feedback-titel-02.jpg\" alt class=\"wp-image-1258\" srcset=\"https:\/\/www.wunschhochzeit.at\/wp-content\/uploads\/2023\/01\/feedback-titel-02.jpg 1920w, https:\/\/www.wunschhochzeit.at\/wp-content\/uploads\/2023\/01\/feedback-titel-02-768x512.jpg 768w, https:\/\/www.wunschhochzeit.at\/wp-content\/uploads\/2023\/01\/feedback-titel-02-480x320.jpg 480w, https:\/\/www.wunschhochzeit.at\/wp-content\/uploads\/2023\/01\/feedback-titel-02-640x427.jpg 640w, https:\/\/www.wunschhochzeit.at\/wp-content\/uploads\/2023\/01\/feedback-titel-02-720x480.jpg 720w, https:\/\/www.wunschhochzeit.at\/wp-content\/uploads\/2023\/01\/feedback-titel-02-960x640.jpg 960w, https:\/\/www.wunschhochzeit.at\/wp-content\/uploads\/2023\/01\/feedback-titel-02-1168x779.jpg 1168w, https:\/\/www.wunschhochzeit.at\/wp-content\/uploads\/2023\/01\/feedback-titel-02-1440x960.jpg 1440w, https:\/\/www.wunschhochzeit.at\/wp-content\/uploads\/2023\/01\/feedback-titel-02-1536x1024.jpg 1536w, https:\/\/www.wunschhochzeit.at\/wp-content\/uploads\/2023\/01\/feedback-titel-02-1200x800.jpg 1200w, https:\/\/www.wunschhochzeit.at\/wp-content\/uploads\/2023\/01\/feedback-titel-02-600x400.jpg 600w\" sizes=\"(max-width: 1920px) 100vw, 1920px\" \/><\/figure>\n\n<h1 class=\"wp-block-heading\">Feedback<\/h1>\n\nMit diesen gl\u00fccklichen Brautpaaren habe ich ihre Wunschhochzeit geplant. Herzlichen Dank f\u00fcr die wertsch\u00e4tzenden Worte!\n\n<p>Danke f\u00fcr die geniale Unterst\u00fctzung der weltbesten Hochzeitsplanerin! Ohne deine gro\u00dfartige Hilfe w\u00e4re es kein unvergesslicher Tag geworden. Danke, \u201eBarbarella\u201c!<\/p>\n<p>Michaela &amp; Ferry aus Salzburg<\/p>\n\n<p>Liebe Barbara,<br \/>wir m\u00f6chten dir auf diesem Weg nochmals f\u00fcr deine professionelle Unterst\u00fctzung danken. Wir tr\u00e4umen immer noch von dem sch\u00f6nen Tag und den herrlichen Impressionen. Es gr\u00fc\u00dft und dankt dir herzlichst das Brautpaar<\/p>\n<p>Gabriela &amp; Robert aus Linz<\/p>\n\n<p>Liebe Barbara,<br \/>vielen Dank f\u00fcr deinen Einsatz und deine liebevolle Unterst\u00fctzung! Ohne dich w\u00e4re unser Fest nicht zu diesem unvergesslichen Tag geworden! Herzlichen Dank!<\/p>\n<p>Claudia &amp; Richard aus Wien<\/p>\n\n<p>Dear Barbara,<br \/>we think of you very fondly. You did such an exemplary job with our wedding and we will forever be thankful to you. Thank you very much!<\/p>\n<p>Kaitlin &amp; William from USA<\/p>\n\n<p>Liebe Barbara,<br \/>wir k\u00f6nnen dir gar nicht sagen, wie sehr wir dir f\u00fcr deine gro\u00dfartige Unterst\u00fctzung danken. Wir h\u00e4tten diese traumhafte Hochzeit nie ohne deine Hilfe verwirklichen k\u00f6nnen. Tausend Dank.<\/p>\n<p>Kirsten &amp; Alex aus der Schweiz<\/p>\n\n<p>Liebe Barbara,<br \/>wir danken dir f\u00fcr deinen gro\u00dfartigen Einsatz und deine tolle Organisation. Es hat gro\u00dfe Freude gemacht, mit dir unsere Hochzeit zu gestalten. Wir danken dir, liebe Barbara, wirklich sehr f\u00fcr die beste Unterst\u00fctzung!<\/p>\n<p>Julia &amp; Jakob aus Wien<\/p>\n\n<p>Dear Barbara,<br \/>thanks for everything; what a great weekend in Lech of Austria!!! All the love<\/p>\n<p>Caty &amp; Alexander from California<\/p>\n\n<p>Hi Barbara,<br \/>we and all of our friends are still reminiscing about the great weekend. It was amazing!<\/p>\n<p>Best, Emely &amp; Guillaume aus Belgien<\/p>\n\n<p>Liebe Barbara,<br \/>unsere Hochzeit war wundersch\u00f6n, einfach perfekt! Wir sind \u00fcbergl\u00fccklich. Nochmals Danke f\u00fcr deine tolle Unterst\u00fctzung. Du hast an alles gedacht, alles geregelt und du hattest dabei immer ein L\u00e4cheln auf den Lippen. Liebe Barbara, DANKE F\u00dcR ALLES.<\/p>\n<p>Selina &amp; Matthias aus Vorarlberg<\/p>\n\n<p>Liebe Barbara,<br \/>danke f\u00fcr die wunderbare Planung unseres Tages!<\/p>\n<p>Jessica &amp; Stefan aus Bregenz<\/p>\n\n<p>Rufen Sie mich an und lassen wir gemeinsam Ihre Traumhochzeit Wirklichkeit werden. Ich freue mich auf Sie.<\/p>\n\n<div class=\"wp-block-buttons is-layout-flex wp-block-buttons-is-layout-flex\"><div class=\"wp-block-button\"><a class=\"wp-block-button__link\">Ja, ich will meine Wunschhochzeit wahr werden lassen.<\/a><\/div><\/div>\n\n<p>Von der ersten Begegnung mit dem Brautpaar bis hin zu den Hochzeitsfeierlichkeiten vergehen viele Monate. In dieser Zeit unterst\u00fctze ich Braut und Br\u00e4utigam mit all meinem Wissen und meinem Einf\u00fchlungsverm\u00f6gen. Es erfordert selbst f\u00fcr mich als Expertin unvorstellbar viel Zeit, Gespr\u00e4che, E-Mails, Telefonate, Onlinekontakte \u2013 nicht nur mit dem Brautpaar, sondern mit allen m\u00f6glichen Gespr\u00e4chspartnern. An alles ist zu denken, nichts darf dem Zufall \u00fcberlassen werden.<\/p>\n<p>Damit Sie und Ihre G\u00e4ste entspannt feiern k\u00f6nnen, muss der Ablauf Ihrer<br \/>Hochzeit perfekt funktionieren.<\/p>\n<p>Sie k\u00f6nnen auf mich, auf Ihre Hochzeitsplanerin, vertrauen!<\/p>\n\n<p>Liebe Barbara,<br \/>herzlichen Dank f\u00fcr die Organisation des perfekten Wochenendes f\u00fcr uns! Wir denken st\u00e4ndig an die vielen sch\u00f6nen Momente zur\u00fcck. <br \/>Lieber Gru\u00df<\/p>\n<p>Alex &amp; Ati aus der Schweiz<\/p>","protected":false},"excerpt":{"rendered":"<p>Feedback Mit diesen gl\u00fccklichen Brautpaaren habe ich ihre Wunschhochzeit geplant. Herzlichen Dank f\u00fcr die wertsch\u00e4tzenden Worte! Danke f\u00fcr die geniale Unterst\u00fctzung der weltbesten Hochzeitsplanerin! Ohne deine gro\u00dfartige Hilfe w\u00e4re es kein unvergesslicher Tag geworden. Danke, \u201eBarbarella\u201c! Michaela &amp; Ferry aus Salzburg Liebe Barbara,wir m\u00f6chten dir auf diesem Weg nochmals f\u00fcr deine professionelle Unterst\u00fctzung danken. Wir [&hellip;]<\/p>\n","protected":false},"author":1,"featured_media":0,"parent":0,"menu_order":0,"comment_status":"closed","ping_status":"closed","template":"","meta":{"_seopress_robots_primary_cat":"","_seopress_titles_title":"","_seopress_titles_desc":"","_seopress_robots_index":"","footnotes":""},"class_list":["post-48","page","type-page","status-publish","hentry"],"meta_box":[],"_links":{"self":[{"href":"https:\/\/www.wunschhochzeit.at\/de\/wp-json\/wp\/v2\/pages\/48","targetHints":{"allow":["GET"]}}],"collection":[{"href":"https:\/\/www.wunschhochzeit.at\/de\/wp-json\/wp\/v2\/pages"}],"about":[{"href":"https:\/\/www.wunschhochzeit.at\/de\/wp-json\/wp\/v2\/types\/page"}],"author":[{"embeddable":true,"href":"https:\/\/www.wunschhochzeit.at\/de\/wp-json\/wp\/v2\/users\/1"}],"replies":[{"embeddable":true,"href":"https:\/\/www.wunschhochzeit.at\/de\/wp-json\/wp\/v2\/comments?post=48"}],"version-history":[{"count":0,"href":"https:\/\/www.wunschhochzeit.at\/de\/wp-json\/wp\/v2\/pages\/48\/revisions"}],"wp:attachment":[{"href":"https:\/\/www.wunschhochzeit.at\/de\/wp-json\/wp\/v2\/media?parent=48"}],"curies":[{"name":"wp","href":"https:\/\/api.w.org\/{rel}","templated":true}]}}