{"id":54,"date":"2022-12-06T10:18:31","date_gmt":"2022-12-06T09:18:31","guid":{"rendered":"https:\/\/www.wunschhochzeit.at\/services\/"},"modified":"2025-12-08T15:05:55","modified_gmt":"2025-12-08T14:05:55","slug":"services","status":"publish","type":"page","link":"https:\/\/www.wunschhochzeit.at\/de\/services\/","title":{"rendered":"Services"},"content":{"rendered":"\n<figure class=\"wp-block-video\"><video height=\"560\" style=\"aspect-ratio: 1280 \/ 560;\" width=\"1280\" autoplay controls muted src=\"https:\/\/www.wunschhochzeit.at\/wp-content\/uploads\/2022\/12\/hochzeitsantrag-geschnitten-compressed-720p.mp4\" playsinline><\/video><\/figure>\n\n\n\n<figure class=\"wp-block-image size-full\"><img decoding=\"async\" width=\"1000\" height=\"1503\" src=\"https:\/\/www.wunschhochzeit.at\/wp-content\/uploads\/2022\/12\/services-titelbild.jpg\" alt=\"\" class=\"wp-image-631\" srcset=\"https:\/\/www.wunschhochzeit.at\/wp-content\/uploads\/2022\/12\/services-titelbild.jpg 1000w, https:\/\/www.wunschhochzeit.at\/wp-content\/uploads\/2022\/12\/services-titelbild-768x1154.jpg 768w, https:\/\/www.wunschhochzeit.at\/wp-content\/uploads\/2022\/12\/services-titelbild-480x721.jpg 480w, https:\/\/www.wunschhochzeit.at\/wp-content\/uploads\/2022\/12\/services-titelbild-640x962.jpg 640w, https:\/\/www.wunschhochzeit.at\/wp-content\/uploads\/2022\/12\/services-titelbild-720x1082.jpg 720w, https:\/\/www.wunschhochzeit.at\/wp-content\/uploads\/2022\/12\/services-titelbild-960x1443.jpg 960w, https:\/\/www.wunschhochzeit.at\/wp-content\/uploads\/2022\/12\/services-titelbild-600x902.jpg 600w\" sizes=\"(max-width: 1000px) 100vw, 1000px\" \/><\/figure>\n\n\n\n<p>Mein Leistungsspektrum reicht von einzelnen Beratungsstunden bis hin zur Planung und Organisation einer mehrt\u00e4gigen Luxushochzeit. Hier im \u00dcberblick:<\/p>\n\n\n\n<div class=\"wp-block-buttons is-layout-flex wp-block-buttons-is-layout-flex\">\n<div class=\"wp-block-button\"><a class=\"wp-block-button__link wp-element-button\">Kontakt<\/a><\/div>\n<\/div>\n\n\n\n<p>Was kann ich f\u00fcr sie tun?<\/p>\n\n\n\n<h2 class=\"wp-block-heading\">Der ideale Heiratsantrag<\/h2>\n\n\n\n<p><p>Sch\u00f6n, dass Sie zu mir kommen! Sie lieben Ihre Partnerin, Ihren Partner so sehr, dass Sie sich viele Gedanken machen, wie Sie Ihren Heiratsantrag gestalten. Was Sie sagen, wo und wie Sie den Heiratsantrag formulieren sollen, damit Sie Ihren geliebten Menschen vollends gl\u00fccklich machen. Und vor allem, damit Sie auf die wohl aufregendste Frage der Welt als Antwort ein \u201eJa\u201c erhalten. Ich verstehe Sie sehr gut! Das ist eine optimale Ausgangsbasis f\u00fcr uns.<\/p>\n<p>Die Menschen und die Dinge, die sie lieben, sind sehr unterschiedlich. Manche Menschen w\u00fcnschen sich einen Antrag vor gro\u00dfem Publikum, andere ganz im Stillen und mit wenig Aufsehen. Ich garantiere Ihnen, dass Sie ein \u201eJa\u201c erwartet \u2013 ich habe sehr viel Gesp\u00fcr und Erfahrung und berate Sie ganz sicher richtig. Ich durfte mittlerweile schon einige Heiratsantr\u00e4ge organisieren.<\/p>\n<p>Ob ein romantisches Picknick zu zweit oder eine unvergessliche Inszenierung in den Bergen \u2013 ich kann Sie in allem unterst\u00fctzen. Es wird niemand von meiner Hilfe erfahren, wenn Sie das w\u00fcnschen. Rufen Sie mich unverbindlich an unter <a href=\"tel:+436642053055\">+43 664 205 30 55<\/a> oder schreiben Sie mir gleich ein E-Mail. Sie werden sehen, ich bin sympathisch und einf\u00fchlsam.<\/p><\/p>\n\n\n\n<p>\u201eM\u00f6chtest du mich heiraten?\u201c \u2026 Das ist die wohl aufregendste Frage der Welt.<\/p>\n\n\n\n<h3 class=\"wp-block-heading\">Hochzeits-Coaching<\/h3>\n\n\n\n<p>Wenn Sie Ihre Hochzeit selber organisieren und dennoch auf meine langj\u00e4hrige Expertise als Wedding Planner zur\u00fcckgreifen m\u00f6chten, ist dieses Angebot f\u00fcr Sie perfekt. Ich gebe Ihnen die Sicherheit, auf dem richtigen Weg zu sein, da ich durch meine jahrelange T\u00e4tigkeit als Hochzeitsplanerin meine Erfahrungen, Empfehlungen und Tipps an Sie weitergeben kann. Das ist f\u00fcr Sie von unsch\u00e4tzbarem Wert. Wie das abl\u00e4uft? Wir bleiben bis zu den Tagen der Hochzeitsfeierlichkeiten in regelm\u00e4\u00dfigem Kontakt. Laufend werden die weiteren Planungsschritte besprochen. Ich gebe wertvolle Tipps und behalte den \u00dcberblick \u00fcber die Organisation. Dieses Angebot ist leistbar und wird von vielen Brautpaaren gern in Anspruch genommen.<\/p>\n\n\n\n<p>Preis auf Anfrage<\/p>\n\n\n\n<h3 class=\"wp-block-heading\">Organisation<\/h3>\n\n\n\n<p>Die Vorstellungen und Tr\u00e4ume von einer m\u00e4rchenhaften Hochzeit sind so unterschiedlich wie wir Menschen. F\u00fcr das eine Paar ist die perfekte Hochzeit eine romantische Trauung am Strand, f\u00fcr das andere Paar ein rauschendes Fest in einem Schloss oder eine verschneite Hochzeit in den Bergen. Umso wichtiger ist es f\u00fcr mich als Wedding Planner, Ihre W\u00fcnsche ganz genau zu kennen. Nur so l\u00e4sst sich ein ma\u00dfgeschneidertes Festkonzept entwickeln, in dem alles stilsicher, harmonisch und perfekt aufeinander abgestimmt ist. Gerne k\u00fcmmere ich mich um die Organisation eines Teilbereiches Ihrer Hochzeit oder um die gesamte Planung und Koordination. Sie bestimmen den Umfang meiner Unterst\u00fctzung. In einem Erstgespr\u00e4ch k\u00f6nnen wir alles ausf\u00fchrlich besprechen.<\/p>\n\n\n\n<p>Preis auf Anfrage<br><\/p>\n\n\n\n<ul class=\"wp-block-list\">\n<li>Locations (Kirchen, Schl\u00f6sser, Restaurants, Hotels, Chalets, H\u00fctten, sonstige R\u00e4umlichkeiten)<\/li>\n\n\n\n<li>Pfarrer f\u00fcr kirchliche Trauungen im Freien oder in Kirchen<\/li>\n\n\n\n<li>Freie Trauungsredner:innen<\/li>\n\n\n\n<li>Hochkar\u00e4tige Musiker:innen (S\u00e4nger:innen, Ch\u00f6re, DJ , Bands\u2026)<\/li>\n\n\n\n<li>K\u00fcnstlerische Einlagen (Feuerwerk, Zauber:innen, Artist:innen\u2026)<\/li>\n\n\n\n<li>Traditionelle Einlagen (Alphornbl\u00e4ser, Ziehharmonikaspieler, Schuhplattler, Jodler\u2026)<\/li>\n\n\n\n<li>Hochzeitsfloristik und Dekoration<\/li>\n\n\n\n<li>Foto- und Videografie<\/li>\n\n\n\n<li>Kinderbetreuung<\/li>\n\n\n\n<li>Shuttle (Pferdekutschen, Busse, Taxis, Oldtimer, Fahrr\u00e4der\u2026)<\/li>\n\n\n\n<li>Pyrotechnik, Laser- und Lightshows und vieles mehr<\/li>\n<\/ul>\n\n\n\n<figure class=\"wp-block-image size-full\"><img decoding=\"async\" width=\"1000\" height=\"1000\" src=\"https:\/\/www.wunschhochzeit.at\/wp-content\/uploads\/2022\/12\/services-inhalt-1.jpg\" alt=\"\" class=\"wp-image-629\" srcset=\"https:\/\/www.wunschhochzeit.at\/wp-content\/uploads\/2022\/12\/services-inhalt-1.jpg 1000w, https:\/\/www.wunschhochzeit.at\/wp-content\/uploads\/2022\/12\/services-inhalt-1-500x500.jpg 500w, https:\/\/www.wunschhochzeit.at\/wp-content\/uploads\/2022\/12\/services-inhalt-1-768x768.jpg 768w, https:\/\/www.wunschhochzeit.at\/wp-content\/uploads\/2022\/12\/services-inhalt-1-480x480.jpg 480w, https:\/\/www.wunschhochzeit.at\/wp-content\/uploads\/2022\/12\/services-inhalt-1-640x640.jpg 640w, https:\/\/www.wunschhochzeit.at\/wp-content\/uploads\/2022\/12\/services-inhalt-1-720x720.jpg 720w, https:\/\/www.wunschhochzeit.at\/wp-content\/uploads\/2022\/12\/services-inhalt-1-960x960.jpg 960w, https:\/\/www.wunschhochzeit.at\/wp-content\/uploads\/2022\/12\/services-inhalt-1-600x600.jpg 600w\" sizes=\"(max-width: 1000px) 100vw, 1000px\" \/><\/figure>\n\n\n\n<figure class=\"wp-block-image size-full\"><img decoding=\"async\" width=\"1000\" height=\"1000\" src=\"https:\/\/www.wunschhochzeit.at\/wp-content\/uploads\/2022\/12\/services-inhalt-2.jpg\" alt=\"\" class=\"wp-image-630\" srcset=\"https:\/\/www.wunschhochzeit.at\/wp-content\/uploads\/2022\/12\/services-inhalt-2.jpg 1000w, https:\/\/www.wunschhochzeit.at\/wp-content\/uploads\/2022\/12\/services-inhalt-2-500x500.jpg 500w, https:\/\/www.wunschhochzeit.at\/wp-content\/uploads\/2022\/12\/services-inhalt-2-768x768.jpg 768w, https:\/\/www.wunschhochzeit.at\/wp-content\/uploads\/2022\/12\/services-inhalt-2-480x480.jpg 480w, https:\/\/www.wunschhochzeit.at\/wp-content\/uploads\/2022\/12\/services-inhalt-2-640x640.jpg 640w, https:\/\/www.wunschhochzeit.at\/wp-content\/uploads\/2022\/12\/services-inhalt-2-720x720.jpg 720w, https:\/\/www.wunschhochzeit.at\/wp-content\/uploads\/2022\/12\/services-inhalt-2-960x960.jpg 960w, https:\/\/www.wunschhochzeit.at\/wp-content\/uploads\/2022\/12\/services-inhalt-2-600x600.jpg 600w\" sizes=\"(max-width: 1000px) 100vw, 1000px\" \/><\/figure>\n\n\n\n<h3 class=\"wp-block-heading\">Weitere Dienstleister<\/h3>\n\n\n\n<p><p>Als erfahrene Hochzeitsplanerin wei\u00df ich, worauf es bei der Planung einer Hochzeit ankommt. Ich arbeite europaweit mit professionellen Partnern zusammen und kenne die sch\u00f6nsten Locations. Meine langj\u00e4hrige Erfahrung in Kombination mit der Neugier f\u00fcr innovative Trends erm\u00f6glichen es mir, f\u00fcr jedes Brautpaar eine individuelle Traumhochzeit zu realisieren.<\/p>\n<p>An einer Hochzeit sind viele Dienstleister beteiligt, die zum Gelingen beitragen. Bei der richtigen Wahl der Partner ist vieles zu beachten. Hier z\u00e4hlen neben der Qualit\u00e4t die Erfahrung, Zuverl\u00e4ssigkeit, Flexibilit\u00e4t und vor allem auch die Sympathie der Anbieter. Vertrauen Sie auf meine Empfehlungen, zu wem Sie \u201eJa\u201c sagen k\u00f6nnen! Hier die wichtigsten Bereiche:<\/p><\/p>\n\n\n\n<h3 class=\"wp-block-heading\">Unser Erstgespr\u00e4ch<\/h3>\n\n\n\n<p>In unserem ersten Gespr\u00e4ch lernen wir uns kennen. Wir reden \u00fcber Ihre W\u00fcnsche, Vorstellungen und M\u00f6glichkeiten. Es ist die Basis f\u00fcr ein schriftliches Angebot. Wir sprechen pers\u00f6nlich, telefonisch oder online.<\/p>\n\n\n\n<h3 class=\"wp-block-heading\">Hochzeitsberatung<\/h3>\n\n\n\n<p>Gerne k\u00f6nnen Sie auch einzelne Beratungsstunden in Anspruch nehmen und von meinen Erfahrungen und Tipps profitieren. Garantiert helfe ich ihnen bei Ihrer Planung einige Schritte weiter. Alle Gespr\u00e4che sind selbstverst\u00e4ndlich auch online m\u00f6glich.<\/p>\n\n\n\n<p>Was kann ich f\u00fcr sie tun?<\/p>\n\n\n\n<div class=\"wp-block-buttons is-layout-flex wp-block-buttons-is-layout-flex\">\n<div class=\"wp-block-button\"><a class=\"wp-block-button__link wp-element-button\">Kontakt<\/a><\/div>\n<\/div>\n\n\n\n<h3 class=\"wp-block-heading\">Exklusive Hochzeiten<\/h3>\n\n\n\n<p><p>F\u00fcr die Planung und Organisation von anspruchsvollen und exklusiven Hochzeiten bin ich Expertin. Mein Schwerpunkt liegt in der Konzeption mehrt\u00e4giger, exklusiver Hochzeiten. Daf\u00fcr arbeite ich mit den Besten. Meine Liste an europaweiten Kontakten ist erlesen. Auf sie alle kann ich mich hundertprozentig verlassen. Die Erfolge aus gemeinsam realisierten Hochzeiten und die Feedbacks gl\u00fccklicher Brautpaare best\u00e4tigen das.<\/p>\n<p>So au\u00dfergew\u00f6hnlich Ihre W\u00fcnsche auch sein m\u00f6gen, ich versuche sie zu realisieren. In ganz \u00d6sterreich organisiere ich Hochzeiten mit hohen Anspr\u00fcchen. Exklusiv und garantiert auf h\u00f6chstem Niveau. Ob Sommer- oder Winterhochzeiten in Lech in den Bergen, romantische Zeremonien am Mondsee, bekannt aus \u201eSound of Music\u201c, rauschende Feste in prunkvollen Schl\u00f6ssern in Salzburg oder Wien oder Hochzeiten in traditionellen Bauernh\u00f6fen in Ober\u00f6sterreich.<\/p>\n<p>Vor allem den Brautpaaren aus dem Ausland biete ich viele Vorteile. Ich kenne die herrlichsten Locations, die Gegebenheiten vor Ort und alle M\u00f6glichkeiten, den Brautpaaren und ihren internationalen G\u00e4sten die sch\u00f6nsten Traditionen und Highlights \u00d6sterreichs n\u00e4herzubringen.<\/p><\/p>\n\n\n\n<div class=\"wp-block-buttons is-layout-flex wp-block-buttons-is-layout-flex\">\n<div class=\"wp-block-button\"><a class=\"wp-block-button__link wp-element-button\">Kontaktieren Sie mich gerne!<\/a><\/div>\n<\/div>\n\n\n\n<figure class=\"wp-block-image size-full\"><img decoding=\"async\" width=\"1920\" height=\"1080\" src=\"https:\/\/www.wunschhochzeit.at\/wp-content\/uploads\/2022\/12\/services-footer.jpg\" alt=\"\" class=\"wp-image-690\" srcset=\"https:\/\/www.wunschhochzeit.at\/wp-content\/uploads\/2022\/12\/services-footer.jpg 1920w, https:\/\/www.wunschhochzeit.at\/wp-content\/uploads\/2022\/12\/services-footer-768x432.jpg 768w, https:\/\/www.wunschhochzeit.at\/wp-content\/uploads\/2022\/12\/services-footer-480x270.jpg 480w, https:\/\/www.wunschhochzeit.at\/wp-content\/uploads\/2022\/12\/services-footer-640x360.jpg 640w, https:\/\/www.wunschhochzeit.at\/wp-content\/uploads\/2022\/12\/services-footer-720x405.jpg 720w, https:\/\/www.wunschhochzeit.at\/wp-content\/uploads\/2022\/12\/services-footer-960x540.jpg 960w, https:\/\/www.wunschhochzeit.at\/wp-content\/uploads\/2022\/12\/services-footer-1168x657.jpg 1168w, https:\/\/www.wunschhochzeit.at\/wp-content\/uploads\/2022\/12\/services-footer-1440x810.jpg 1440w, https:\/\/www.wunschhochzeit.at\/wp-content\/uploads\/2022\/12\/services-footer-1536x864.jpg 1536w, https:\/\/www.wunschhochzeit.at\/wp-content\/uploads\/2022\/12\/services-footer-1200x675.jpg 1200w, https:\/\/www.wunschhochzeit.at\/wp-content\/uploads\/2022\/12\/services-footer-600x338.jpg 600w\" sizes=\"(max-width: 1920px) 100vw, 1920px\" \/><\/figure>\n\n\n\n<h1 class=\"wp-block-heading\">Services<\/h1>\n\n\n\n<p>Es hei\u00dft, dieser Tag w\u00e4re der sch\u00f6nste in Ihrem Leben. Dabei ist er noch so viel mehr.<\/p>\n\n\n\n<ul class=\"wp-block-list\">\n<li>Heiratsantr\u00e4ge<\/li>\n\n\n\n<li>Seminare, Vortr\u00e4ge, Workshops f\u00fcr Brautpaare<\/li>\n\n\n\n<li>Beratung, Coaching, Teilorganisation, Gesamtorganisation<\/li>\n\n\n\n<li>Erstellung von Hochzeitskonzepten<\/li>\n\n\n\n<li>Drucksorten (Save the Date, Einladungen, Men\u00fckarten, Programmhefte\u2026)<\/li>\n\n\n\n<li>Die sch\u00f6nsten Locations<\/li>\n\n\n\n<li>Kirchliche, standesamtliche und freie Trauung<\/li>\n\n\n\n<li>Musik &amp; Entertainment<\/li>\n\n\n\n<li>Dekoration &amp; Floristik<\/li>\n\n\n\n<li>Foto- und Videografie<\/li>\n\n\n\n<li>Pyrotechnik, Laser- und Lightshows<\/li>\n\n\n\n<li>Shuttle mit diversen Transportmitteln<\/li>\n\n\n\n<li>Programmgestaltung<\/li>\n\n\n\n<li>Rahmenprogramm bei einer mehrt\u00e4gigen Hochzeit<\/li>\n\n\n\n<li>Vor-Ort-Service: Professionelle Begleitung, Koordination aller Gewerke, Ansprechpartnerin f\u00fcr Brautpaar, Familie und G\u00e4ste<\/li>\n<\/ul>\n","protected":false},"excerpt":{"rendered":"<p>Mein Leistungsspektrum reicht von einzelnen Beratungsstunden bis hin zur Planung und Organisation einer mehrt\u00e4gigen Luxushochzeit. Hier im \u00dcberblick: Was kann ich f\u00fcr sie tun? Der ideale Heiratsantrag Sch\u00f6n, dass Sie zu mir kommen! Sie lieben Ihre Partnerin, Ihren Partner so sehr, dass Sie sich viele Gedanken machen, wie Sie Ihren Heiratsantrag gestalten. Was Sie sagen, [&hellip;]<\/p>\n","protected":false},"author":1,"featured_media":0,"parent":0,"menu_order":0,"comment_status":"closed","ping_status":"closed","template":"","meta":{"_seopress_robots_primary_cat":"","_seopress_titles_title":"","_seopress_titles_desc":"","_seopress_robots_index":"","footnotes":""},"class_list":["post-54","page","type-page","status-publish","hentry"],"meta_box":[],"_links":{"self":[{"href":"https:\/\/www.wunschhochzeit.at\/de\/wp-json\/wp\/v2\/pages\/54","targetHints":{"allow":["GET"]}}],"collection":[{"href":"https:\/\/www.wunschhochzeit.at\/de\/wp-json\/wp\/v2\/pages"}],"about":[{"href":"https:\/\/www.wunschhochzeit.at\/de\/wp-json\/wp\/v2\/types\/page"}],"author":[{"embeddable":true,"href":"https:\/\/www.wunschhochzeit.at\/de\/wp-json\/wp\/v2\/users\/1"}],"replies":[{"embeddable":true,"href":"https:\/\/www.wunschhochzeit.at\/de\/wp-json\/wp\/v2\/comments?post=54"}],"version-history":[{"count":0,"href":"https:\/\/www.wunschhochzeit.at\/de\/wp-json\/wp\/v2\/pages\/54\/revisions"}],"wp:attachment":[{"href":"https:\/\/www.wunschhochzeit.at\/de\/wp-json\/wp\/v2\/media?parent=54"}],"curies":[{"name":"wp","href":"https:\/\/api.w.org\/{rel}","templated":true}]}}