{"id":55,"date":"2022-12-06T10:18:31","date_gmt":"2022-12-06T09:18:31","guid":{"rendered":"https:\/\/www.wunschhochzeit.at\/startseite\/"},"modified":"2026-01-14T19:24:21","modified_gmt":"2026-01-14T18:24:21","slug":"startseite","status":"publish","type":"page","link":"https:\/\/www.wunschhochzeit.at\/de\/","title":{"rendered":"Startseite"},"content":{"rendered":"<h1 class=\"wp-block-heading\">Planen wir gemeinsam  Ihre Wunschhochzeit!<\/h1>\n\n<!-- wp:Array \/-->\n\n<figure class=\"wp-block-image size-image-640\"><img decoding=\"async\" width=\"640\" height=\"640\" src=\"https:\/\/www.wunschhochzeit.at\/wp-content\/uploads\/2023\/02\/barbara-kowalke-portrait-640x640.jpg\" alt class=\"wp-image-1525\" srcset=\"https:\/\/www.wunschhochzeit.at\/wp-content\/uploads\/2023\/02\/barbara-kowalke-portrait-640x640.jpg 640w, https:\/\/www.wunschhochzeit.at\/wp-content\/uploads\/2023\/02\/barbara-kowalke-portrait-500x500.jpg 500w, https:\/\/www.wunschhochzeit.at\/wp-content\/uploads\/2023\/02\/barbara-kowalke-portrait-768x768.jpg 768w, https:\/\/www.wunschhochzeit.at\/wp-content\/uploads\/2023\/02\/barbara-kowalke-portrait-480x480.jpg 480w, https:\/\/www.wunschhochzeit.at\/wp-content\/uploads\/2023\/02\/barbara-kowalke-portrait-720x720.jpg 720w, https:\/\/www.wunschhochzeit.at\/wp-content\/uploads\/2023\/02\/barbara-kowalke-portrait-960x960.jpg 960w, https:\/\/www.wunschhochzeit.at\/wp-content\/uploads\/2023\/02\/barbara-kowalke-portrait-600x600.jpg 600w, https:\/\/www.wunschhochzeit.at\/wp-content\/uploads\/2023\/02\/barbara-kowalke-portrait.jpg 1000w\" sizes=\"(max-width: 640px) 100vw, 640px\" \/><\/figure>\n\nIhre Barbara Kowalke<br><br>Gr\u00fcnderin und Gesch\u00e4ftsf\u00fchrerin seit 2003<br><br>Staatlich zertifizierte Hochzeitsplanerin, Austrian Gold Wedding professional\n\n<p>Liebe Barbara,<br \/>wir m\u00f6chten dir auf diesem Weg nochmals f\u00fcr deine professionelle Unterst\u00fctzung danken. Wir tr\u00e4umen immer noch von dem sch\u00f6nen Tag und den herrlichen Impressionen.<\/p>\n<p>Es gr\u00fc\u00dft und dankt dir herzlichst das Brautpaar<br \/>Gabriela &amp; Robert aus Linz<\/p>\n\n<p>Liebe Barbara,<br \/>Danke f\u00fcr dieses unvergessliche Fest! <br \/>Lilia &amp; Andreas aus D\u00fcsseldorf<\/p>\n\n<p>Dear Barbara,<br \/>you planned the most wonderful wedding for our daughter Kaitlin in Lech. We have so many happy memories of that time! It all seems like a beautiful dream now. We are forever grateful for your exquisite care and planning.<\/p>\n<p>Peggy and Peter from USA<\/p>\n\n<p>Liebe Barbara!<br \/>Du bist bei uns sehr pr\u00e4sent, da keine Woche vergeht, in der wir nicht auf unser Fest angesprochen werden.\u00a0Das Fest war \u201etalk of the town\u201c in Luxemburg und hat viele neidisch gemacht, die nicht eingeladen waren\u2026<\/p>\n<p>Viele liebe Gr\u00fc\u00dfe aus Luxemburg von Eilo &amp; Pol<\/p>\n\n<p>Hallo Barbara,<br \/>unsere Hochzeit war ein Traum. Es hat alles super geklappt, es war einfach einer der sch\u00f6nsten Tage in unserem Leben.<\/p>\n<p>Ganz liebe Gr\u00fc\u00dfe <br \/>Corina &amp; Christian aus Bregenz<\/p>\n\n<p>Liebe Frau Kowalke,<br \/>es war superklasse, wie Sie unsere Hochzeit zum absoluten Highlight gemacht haben. Danke!<\/p>\n<p>Katrin &amp; Alfred aus Deutschland<\/p>\n\n<p>Dear Barbara,<br \/>thank you so much for all your assistance to make our wedding day special! If you or your family ever visit Australia, we would love to reciprocate your kindness.<\/p>\n<p>Cathy &amp; Peter from Australia<\/p>\n\n<p>Liebe Barbara,<br \/>wir m\u00f6chten uns von ganzem Herzen f\u00fcr deine tatkr\u00e4ftige Unterst\u00fctzung bedanken. Du warst mit deiner Erfahrung, Geduld und deinem Einf\u00fchlungsverm\u00f6gen eine gro\u00dfe Hilfe und Bereicherung bei der Vorbereitung unserer Hochzeit.<\/p>\n<p>Manuela &amp; J\u00fcrgen aus Feldkirch<\/p>\n\n<!-- wp:Array \/-->\n\n<div class=\"wp-block-buttons is-layout-flex wp-block-buttons-is-layout-flex\"><div class=\"wp-block-button\"><a class=\"wp-block-button__link\">Ja, ich will meine Wunschhochzeit wahr werden lassen.<\/a><\/div><\/div>\n\n<h3 class=\"wp-block-heading\">Warum es richtig ist, eine Hochzeitsplanerin zu engagieren<\/h3>\n\n<h3 class=\"wp-block-heading\">Die perfekte Wunschhochzeit planen lassen<\/h3>\n\n<h3 class=\"wp-block-heading\">Warum ich die richtige Hochzeitsplanerin bin<\/h3>\n\n<h3 class=\"wp-block-heading\">Das wichtigste \u00fcber mich<\/h3>\n\n<h2 class=\"wp-block-heading\">Fragen Sie Frau Kowalke<\/h2>\n\n<div class=\"wp-block-buttons is-layout-flex wp-block-buttons-is-layout-flex\"><div class=\"wp-block-button\"><a class=\"wp-block-button__link\">Fragen Sie Frau Kowalke<\/a><\/div><\/div>","protected":false},"excerpt":{"rendered":"<p>Planen wir gemeinsam Ihre Wunschhochzeit! Ihre Barbara Kowalke Gr\u00fcnderin und Gesch\u00e4ftsf\u00fchrerin seit 2003 Staatlich zertifizierte Hochzeitsplanerin, Austrian Gold Wedding professional Liebe Barbara,wir m\u00f6chten dir auf diesem Weg nochmals f\u00fcr deine professionelle Unterst\u00fctzung danken. Wir tr\u00e4umen immer noch von dem sch\u00f6nen Tag und den herrlichen Impressionen. Es gr\u00fc\u00dft und dankt dir herzlichst das BrautpaarGabriela &amp; Robert [&hellip;]<\/p>\n","protected":false},"author":1,"featured_media":0,"parent":0,"menu_order":0,"comment_status":"closed","ping_status":"closed","template":"","meta":{"_seopress_robots_primary_cat":"","_seopress_titles_title":"Hochzeit | Hochzeitsplanerin | Hochzeitscoaching","_seopress_titles_desc":"Lassen Sie uns gemeinsam Ihre Wunschhochzeit in \u00d6sterreich planen, Ihre Barbara Kowalke.","_seopress_robots_index":"","footnotes":""},"class_list":["post-55","page","type-page","status-publish","hentry"],"meta_box":[],"_links":{"self":[{"href":"https:\/\/www.wunschhochzeit.at\/de\/wp-json\/wp\/v2\/pages\/55","targetHints":{"allow":["GET"]}}],"collection":[{"href":"https:\/\/www.wunschhochzeit.at\/de\/wp-json\/wp\/v2\/pages"}],"about":[{"href":"https:\/\/www.wunschhochzeit.at\/de\/wp-json\/wp\/v2\/types\/page"}],"author":[{"embeddable":true,"href":"https:\/\/www.wunschhochzeit.at\/de\/wp-json\/wp\/v2\/users\/1"}],"replies":[{"embeddable":true,"href":"https:\/\/www.wunschhochzeit.at\/de\/wp-json\/wp\/v2\/comments?post=55"}],"version-history":[{"count":0,"href":"https:\/\/www.wunschhochzeit.at\/de\/wp-json\/wp\/v2\/pages\/55\/revisions"}],"wp:attachment":[{"href":"https:\/\/www.wunschhochzeit.at\/de\/wp-json\/wp\/v2\/media?parent=55"}],"curies":[{"name":"wp","href":"https:\/\/api.w.org\/{rel}","templated":true}]}}