{"id":58,"date":"2022-12-06T10:18:31","date_gmt":"2022-12-06T09:18:31","guid":{"rendered":"https:\/\/www.wunschhochzeit.at\/locations\/lech\/"},"modified":"2023-06-29T13:28:40","modified_gmt":"2023-06-29T11:28:40","slug":"lech","status":"publish","type":"page","link":"https:\/\/www.wunschhochzeit.at\/de\/locations\/lech\/","title":{"rendered":"Lech"},"content":{"rendered":"\n<figure class=\"wp-block-image size-full\"><img decoding=\"async\" width=\"1600\" height=\"1067\" src=\"https:\/\/www.wunschhochzeit.at\/wp-content\/uploads\/2022\/12\/hochzeitsplanerin-kowalke-heiraten-in-lech-am-arlberg-vorarlberg-titelbild.jpg\" alt=\"\" class=\"wp-image-597\" srcset=\"https:\/\/www.wunschhochzeit.at\/wp-content\/uploads\/2022\/12\/hochzeitsplanerin-kowalke-heiraten-in-lech-am-arlberg-vorarlberg-titelbild.jpg 1600w, https:\/\/www.wunschhochzeit.at\/wp-content\/uploads\/2022\/12\/hochzeitsplanerin-kowalke-heiraten-in-lech-am-arlberg-vorarlberg-titelbild-768x512.jpg 768w, https:\/\/www.wunschhochzeit.at\/wp-content\/uploads\/2022\/12\/hochzeitsplanerin-kowalke-heiraten-in-lech-am-arlberg-vorarlberg-titelbild-480x320.jpg 480w, https:\/\/www.wunschhochzeit.at\/wp-content\/uploads\/2022\/12\/hochzeitsplanerin-kowalke-heiraten-in-lech-am-arlberg-vorarlberg-titelbild-640x427.jpg 640w, https:\/\/www.wunschhochzeit.at\/wp-content\/uploads\/2022\/12\/hochzeitsplanerin-kowalke-heiraten-in-lech-am-arlberg-vorarlberg-titelbild-720x480.jpg 720w, https:\/\/www.wunschhochzeit.at\/wp-content\/uploads\/2022\/12\/hochzeitsplanerin-kowalke-heiraten-in-lech-am-arlberg-vorarlberg-titelbild-960x640.jpg 960w, https:\/\/www.wunschhochzeit.at\/wp-content\/uploads\/2022\/12\/hochzeitsplanerin-kowalke-heiraten-in-lech-am-arlberg-vorarlberg-titelbild-1168x779.jpg 1168w, https:\/\/www.wunschhochzeit.at\/wp-content\/uploads\/2022\/12\/hochzeitsplanerin-kowalke-heiraten-in-lech-am-arlberg-vorarlberg-titelbild-1440x960.jpg 1440w, https:\/\/www.wunschhochzeit.at\/wp-content\/uploads\/2022\/12\/hochzeitsplanerin-kowalke-heiraten-in-lech-am-arlberg-vorarlberg-titelbild-1536x1024.jpg 1536w, https:\/\/www.wunschhochzeit.at\/wp-content\/uploads\/2022\/12\/hochzeitsplanerin-kowalke-heiraten-in-lech-am-arlberg-vorarlberg-titelbild-1200x800.jpg 1200w, https:\/\/www.wunschhochzeit.at\/wp-content\/uploads\/2022\/12\/hochzeitsplanerin-kowalke-heiraten-in-lech-am-arlberg-vorarlberg-titelbild-600x400.jpg 600w\" sizes=\"(max-width: 1600px) 100vw, 1600px\" \/><\/figure>\n\n\n\n<h1 class=\"wp-block-heading\"><i>Heiraten in<\/i> Lech am Arlberg<\/h1>\n\n\n\n<p>Lech ist eine kleine Gemeinde im Westen \u00d6sterreichs. Der Ort besticht durch seine Berge und die Gastronomie. Als langj\u00e4hrige Hochzeitsplanerin habe ich schon viele internationale Sommer- sowie Winterhochzeiten in Lech organisiert. Auch viele romantische Heiratsantr\u00e4ge durfte ich in Lech begleiten. Brautpaare, die sich \u00fcber mich f\u00fcr Lech entscheiden, kommen aus der ganzen Welt: aus Amerika und aus Europa wie zum Beispiel England, Belgien, Schweden, Luxemburg, Niederlande. Lech ist ein ganz besonderer Ort f\u00fcr Paare, die Luxus lieben.<\/p>\n\n\n\n<figure class=\"wp-block-image size-full\"><img decoding=\"async\" width=\"1000\" height=\"1000\" src=\"https:\/\/www.wunschhochzeit.at\/wp-content\/uploads\/2022\/12\/hochzeitsplanerin-kowalke-heiraten-in-lech-am-arlberg-vorarlberg-inhalt-1.jpg\" alt=\"\" class=\"wp-image-595\" srcset=\"https:\/\/www.wunschhochzeit.at\/wp-content\/uploads\/2022\/12\/hochzeitsplanerin-kowalke-heiraten-in-lech-am-arlberg-vorarlberg-inhalt-1.jpg 1000w, https:\/\/www.wunschhochzeit.at\/wp-content\/uploads\/2022\/12\/hochzeitsplanerin-kowalke-heiraten-in-lech-am-arlberg-vorarlberg-inhalt-1-500x500.jpg 500w, https:\/\/www.wunschhochzeit.at\/wp-content\/uploads\/2022\/12\/hochzeitsplanerin-kowalke-heiraten-in-lech-am-arlberg-vorarlberg-inhalt-1-768x768.jpg 768w, https:\/\/www.wunschhochzeit.at\/wp-content\/uploads\/2022\/12\/hochzeitsplanerin-kowalke-heiraten-in-lech-am-arlberg-vorarlberg-inhalt-1-480x480.jpg 480w, https:\/\/www.wunschhochzeit.at\/wp-content\/uploads\/2022\/12\/hochzeitsplanerin-kowalke-heiraten-in-lech-am-arlberg-vorarlberg-inhalt-1-640x640.jpg 640w, https:\/\/www.wunschhochzeit.at\/wp-content\/uploads\/2022\/12\/hochzeitsplanerin-kowalke-heiraten-in-lech-am-arlberg-vorarlberg-inhalt-1-720x720.jpg 720w, https:\/\/www.wunschhochzeit.at\/wp-content\/uploads\/2022\/12\/hochzeitsplanerin-kowalke-heiraten-in-lech-am-arlberg-vorarlberg-inhalt-1-960x960.jpg 960w, https:\/\/www.wunschhochzeit.at\/wp-content\/uploads\/2022\/12\/hochzeitsplanerin-kowalke-heiraten-in-lech-am-arlberg-vorarlberg-inhalt-1-600x600.jpg 600w\" sizes=\"(max-width: 1000px) 100vw, 1000px\" \/><\/figure>\n\n\n\n<figure class=\"wp-block-image size-full\"><img decoding=\"async\" width=\"1000\" height=\"1000\" src=\"https:\/\/www.wunschhochzeit.at\/wp-content\/uploads\/2022\/12\/hochzeitsplanerin-kowalke-heiraten-in-lech-am-arlberg-vorarlberg-inhalt-2.jpg\" alt=\"\" class=\"wp-image-596\" srcset=\"https:\/\/www.wunschhochzeit.at\/wp-content\/uploads\/2022\/12\/hochzeitsplanerin-kowalke-heiraten-in-lech-am-arlberg-vorarlberg-inhalt-2.jpg 1000w, https:\/\/www.wunschhochzeit.at\/wp-content\/uploads\/2022\/12\/hochzeitsplanerin-kowalke-heiraten-in-lech-am-arlberg-vorarlberg-inhalt-2-500x500.jpg 500w, https:\/\/www.wunschhochzeit.at\/wp-content\/uploads\/2022\/12\/hochzeitsplanerin-kowalke-heiraten-in-lech-am-arlberg-vorarlberg-inhalt-2-768x768.jpg 768w, https:\/\/www.wunschhochzeit.at\/wp-content\/uploads\/2022\/12\/hochzeitsplanerin-kowalke-heiraten-in-lech-am-arlberg-vorarlberg-inhalt-2-480x480.jpg 480w, https:\/\/www.wunschhochzeit.at\/wp-content\/uploads\/2022\/12\/hochzeitsplanerin-kowalke-heiraten-in-lech-am-arlberg-vorarlberg-inhalt-2-640x640.jpg 640w, https:\/\/www.wunschhochzeit.at\/wp-content\/uploads\/2022\/12\/hochzeitsplanerin-kowalke-heiraten-in-lech-am-arlberg-vorarlberg-inhalt-2-720x720.jpg 720w, https:\/\/www.wunschhochzeit.at\/wp-content\/uploads\/2022\/12\/hochzeitsplanerin-kowalke-heiraten-in-lech-am-arlberg-vorarlberg-inhalt-2-960x960.jpg 960w, https:\/\/www.wunschhochzeit.at\/wp-content\/uploads\/2022\/12\/hochzeitsplanerin-kowalke-heiraten-in-lech-am-arlberg-vorarlberg-inhalt-2-600x600.jpg 600w\" sizes=\"(max-width: 1000px) 100vw, 1000px\" \/><\/figure>\n\n\n<p><!-- wp:Array \/--><\/p>\n<p><!-- wp:Array \/--><\/p>\n\n\n<div class=\"wp-block-buttons is-layout-flex wp-block-buttons-is-layout-flex\">\n<div class=\"wp-block-button\"><a class=\"wp-block-button__link wp-element-button\">Kontakt<\/a><\/div>\n<\/div>\n","protected":false},"excerpt":{"rendered":"<p>Heiraten in Lech am Arlberg Lech ist eine kleine Gemeinde im Westen \u00d6sterreichs. Der Ort besticht durch seine Berge und die Gastronomie. Als langj\u00e4hrige Hochzeitsplanerin habe ich schon viele internationale Sommer- sowie Winterhochzeiten in Lech organisiert. Auch viele romantische Heiratsantr\u00e4ge durfte ich in Lech begleiten. Brautpaare, die sich \u00fcber mich f\u00fcr Lech entscheiden, kommen aus [&hellip;]<\/p>\n","protected":false},"author":1,"featured_media":0,"parent":53,"menu_order":0,"comment_status":"closed","ping_status":"closed","template":"","meta":{"_seopress_robots_primary_cat":"","_seopress_titles_title":"Heiraten in Lech: Der perfekte Ort f\u00fcr Ihren gro\u00dfen Tag","_seopress_titles_desc":"Feiern Sie Ihre Liebe in romantischer Atmosph\u00e4re und erleben Sie eine unvergessliche Hochzeit in Lech. Jetzt entdecken!","_seopress_robots_index":"","footnotes":""},"class_list":["post-58","page","type-page","status-publish","hentry"],"meta_box":[],"_links":{"self":[{"href":"https:\/\/www.wunschhochzeit.at\/de\/wp-json\/wp\/v2\/pages\/58","targetHints":{"allow":["GET"]}}],"collection":[{"href":"https:\/\/www.wunschhochzeit.at\/de\/wp-json\/wp\/v2\/pages"}],"about":[{"href":"https:\/\/www.wunschhochzeit.at\/de\/wp-json\/wp\/v2\/types\/page"}],"author":[{"embeddable":true,"href":"https:\/\/www.wunschhochzeit.at\/de\/wp-json\/wp\/v2\/users\/1"}],"replies":[{"embeddable":true,"href":"https:\/\/www.wunschhochzeit.at\/de\/wp-json\/wp\/v2\/comments?post=58"}],"version-history":[{"count":0,"href":"https:\/\/www.wunschhochzeit.at\/de\/wp-json\/wp\/v2\/pages\/58\/revisions"}],"up":[{"embeddable":true,"href":"https:\/\/www.wunschhochzeit.at\/de\/wp-json\/wp\/v2\/pages\/53"}],"wp:attachment":[{"href":"https:\/\/www.wunschhochzeit.at\/de\/wp-json\/wp\/v2\/media?parent=58"}],"curies":[{"name":"wp","href":"https:\/\/api.w.org\/{rel}","templated":true}]}}