{"id":61,"date":"2022-12-06T10:18:31","date_gmt":"2022-12-06T09:18:31","guid":{"rendered":"https:\/\/www.wunschhochzeit.at\/locations\/salzburg\/"},"modified":"2023-06-20T20:01:47","modified_gmt":"2023-06-20T18:01:47","slug":"salzburg","status":"publish","type":"page","link":"https:\/\/www.wunschhochzeit.at\/de\/locations\/salzburg\/","title":{"rendered":"Salzburg"},"content":{"rendered":"\n<figure class=\"wp-block-image size-full\"><img decoding=\"async\" width=\"1920\" height=\"1080\" src=\"https:\/\/www.wunschhochzeit.at\/wp-content\/uploads\/2023\/02\/hochzeitsplanerin-kowalke-heiraten-in-salzburg-titelbild-02.jpg\" alt=\"\" class=\"wp-image-1568\" srcset=\"https:\/\/www.wunschhochzeit.at\/wp-content\/uploads\/2023\/02\/hochzeitsplanerin-kowalke-heiraten-in-salzburg-titelbild-02.jpg 1920w, https:\/\/www.wunschhochzeit.at\/wp-content\/uploads\/2023\/02\/hochzeitsplanerin-kowalke-heiraten-in-salzburg-titelbild-02-768x432.jpg 768w, https:\/\/www.wunschhochzeit.at\/wp-content\/uploads\/2023\/02\/hochzeitsplanerin-kowalke-heiraten-in-salzburg-titelbild-02-480x270.jpg 480w, https:\/\/www.wunschhochzeit.at\/wp-content\/uploads\/2023\/02\/hochzeitsplanerin-kowalke-heiraten-in-salzburg-titelbild-02-640x360.jpg 640w, https:\/\/www.wunschhochzeit.at\/wp-content\/uploads\/2023\/02\/hochzeitsplanerin-kowalke-heiraten-in-salzburg-titelbild-02-720x405.jpg 720w, https:\/\/www.wunschhochzeit.at\/wp-content\/uploads\/2023\/02\/hochzeitsplanerin-kowalke-heiraten-in-salzburg-titelbild-02-960x540.jpg 960w, https:\/\/www.wunschhochzeit.at\/wp-content\/uploads\/2023\/02\/hochzeitsplanerin-kowalke-heiraten-in-salzburg-titelbild-02-1168x657.jpg 1168w, https:\/\/www.wunschhochzeit.at\/wp-content\/uploads\/2023\/02\/hochzeitsplanerin-kowalke-heiraten-in-salzburg-titelbild-02-1440x810.jpg 1440w, https:\/\/www.wunschhochzeit.at\/wp-content\/uploads\/2023\/02\/hochzeitsplanerin-kowalke-heiraten-in-salzburg-titelbild-02-1536x864.jpg 1536w, https:\/\/www.wunschhochzeit.at\/wp-content\/uploads\/2023\/02\/hochzeitsplanerin-kowalke-heiraten-in-salzburg-titelbild-02-1200x675.jpg 1200w, https:\/\/www.wunschhochzeit.at\/wp-content\/uploads\/2023\/02\/hochzeitsplanerin-kowalke-heiraten-in-salzburg-titelbild-02-600x338.jpg 600w\" sizes=\"(max-width: 1920px) 100vw, 1920px\" \/><\/figure>\n\n\n\n<h1 class=\"wp-block-heading\"><i>Heiraten in <\/i>Salzburg<br><\/h1>\n\n\n<p><!-- wp:Array \/--><\/p>\n\n\n<figure class=\"wp-block-image size-full\"><img decoding=\"async\" width=\"1000\" height=\"1000\" src=\"https:\/\/www.wunschhochzeit.at\/wp-content\/uploads\/2022\/12\/hochzeitsplanerin-kowalke-heiraten-in-salzburg-inhalt-1.jpg\" alt=\"\" class=\"wp-image-574\" srcset=\"https:\/\/www.wunschhochzeit.at\/wp-content\/uploads\/2022\/12\/hochzeitsplanerin-kowalke-heiraten-in-salzburg-inhalt-1.jpg 1000w, https:\/\/www.wunschhochzeit.at\/wp-content\/uploads\/2022\/12\/hochzeitsplanerin-kowalke-heiraten-in-salzburg-inhalt-1-500x500.jpg 500w, https:\/\/www.wunschhochzeit.at\/wp-content\/uploads\/2022\/12\/hochzeitsplanerin-kowalke-heiraten-in-salzburg-inhalt-1-768x768.jpg 768w, https:\/\/www.wunschhochzeit.at\/wp-content\/uploads\/2022\/12\/hochzeitsplanerin-kowalke-heiraten-in-salzburg-inhalt-1-480x480.jpg 480w, https:\/\/www.wunschhochzeit.at\/wp-content\/uploads\/2022\/12\/hochzeitsplanerin-kowalke-heiraten-in-salzburg-inhalt-1-640x640.jpg 640w, https:\/\/www.wunschhochzeit.at\/wp-content\/uploads\/2022\/12\/hochzeitsplanerin-kowalke-heiraten-in-salzburg-inhalt-1-720x720.jpg 720w, https:\/\/www.wunschhochzeit.at\/wp-content\/uploads\/2022\/12\/hochzeitsplanerin-kowalke-heiraten-in-salzburg-inhalt-1-960x960.jpg 960w, https:\/\/www.wunschhochzeit.at\/wp-content\/uploads\/2022\/12\/hochzeitsplanerin-kowalke-heiraten-in-salzburg-inhalt-1-600x600.jpg 600w\" sizes=\"(max-width: 1000px) 100vw, 1000px\" \/><\/figure>\n\n\n\n<figure class=\"wp-block-image size-full\"><img decoding=\"async\" width=\"1000\" height=\"1000\" src=\"https:\/\/www.wunschhochzeit.at\/wp-content\/uploads\/2022\/12\/hochzeitsplanerin-kowalke-heiraten-in-salzburg-inhalt-2.jpg\" alt=\"\" class=\"wp-image-575\" srcset=\"https:\/\/www.wunschhochzeit.at\/wp-content\/uploads\/2022\/12\/hochzeitsplanerin-kowalke-heiraten-in-salzburg-inhalt-2.jpg 1000w, https:\/\/www.wunschhochzeit.at\/wp-content\/uploads\/2022\/12\/hochzeitsplanerin-kowalke-heiraten-in-salzburg-inhalt-2-500x500.jpg 500w, https:\/\/www.wunschhochzeit.at\/wp-content\/uploads\/2022\/12\/hochzeitsplanerin-kowalke-heiraten-in-salzburg-inhalt-2-768x768.jpg 768w, https:\/\/www.wunschhochzeit.at\/wp-content\/uploads\/2022\/12\/hochzeitsplanerin-kowalke-heiraten-in-salzburg-inhalt-2-480x480.jpg 480w, https:\/\/www.wunschhochzeit.at\/wp-content\/uploads\/2022\/12\/hochzeitsplanerin-kowalke-heiraten-in-salzburg-inhalt-2-640x640.jpg 640w, https:\/\/www.wunschhochzeit.at\/wp-content\/uploads\/2022\/12\/hochzeitsplanerin-kowalke-heiraten-in-salzburg-inhalt-2-720x720.jpg 720w, https:\/\/www.wunschhochzeit.at\/wp-content\/uploads\/2022\/12\/hochzeitsplanerin-kowalke-heiraten-in-salzburg-inhalt-2-960x960.jpg 960w, https:\/\/www.wunschhochzeit.at\/wp-content\/uploads\/2022\/12\/hochzeitsplanerin-kowalke-heiraten-in-salzburg-inhalt-2-600x600.jpg 600w\" sizes=\"(max-width: 1000px) 100vw, 1000px\" \/><\/figure>\n\n\n\n<p>Als Hochzeitsplanerin der ersten Stunde habe ich in Salzburg schon die herrlichsten Hochzeitsfeste organisiert. Neben der Buchung der romantischsten Pl\u00e4tze und Locations sorge ich f\u00fcr ein unvergessen sch\u00f6nes und unterhaltsames Rahmenprogramm f\u00fcr die Brautpaare und ihre internationalen G\u00e4ste.<\/p>\n\n\n<p><!-- wp:Array \/--><\/p>\n\n\n<div class=\"wp-block-buttons is-layout-flex wp-block-buttons-is-layout-flex\">\n<div class=\"wp-block-button\"><a class=\"wp-block-button__link wp-element-button\">Kontakt<\/a><\/div>\n<\/div>\n","protected":false},"excerpt":{"rendered":"<p>Heiraten in Salzburg Als Hochzeitsplanerin der ersten Stunde habe ich in Salzburg schon die herrlichsten Hochzeitsfeste organisiert. Neben der Buchung der romantischsten Pl\u00e4tze und Locations sorge ich f\u00fcr ein unvergessen sch\u00f6nes und unterhaltsames Rahmenprogramm f\u00fcr die Brautpaare und ihre internationalen G\u00e4ste.<\/p>\n","protected":false},"author":1,"featured_media":0,"parent":53,"menu_order":0,"comment_status":"closed","ping_status":"closed","template":"","meta":{"_seopress_robots_primary_cat":"","_seopress_titles_title":"Heiraten in Salzburg: Romantische Hochzeitslocation mit einzigartigem Flair ","_seopress_titles_desc":"Hochzeiten in Salzburg. Genie\u00dfen Sie die romantische Atmosph\u00e4re, exquisite Gastronomie und unvergessliche Momente inmitten einer malerischen Kulisse.","_seopress_robots_index":"","footnotes":""},"class_list":["post-61","page","type-page","status-publish","hentry"],"meta_box":[],"_links":{"self":[{"href":"https:\/\/www.wunschhochzeit.at\/de\/wp-json\/wp\/v2\/pages\/61","targetHints":{"allow":["GET"]}}],"collection":[{"href":"https:\/\/www.wunschhochzeit.at\/de\/wp-json\/wp\/v2\/pages"}],"about":[{"href":"https:\/\/www.wunschhochzeit.at\/de\/wp-json\/wp\/v2\/types\/page"}],"author":[{"embeddable":true,"href":"https:\/\/www.wunschhochzeit.at\/de\/wp-json\/wp\/v2\/users\/1"}],"replies":[{"embeddable":true,"href":"https:\/\/www.wunschhochzeit.at\/de\/wp-json\/wp\/v2\/comments?post=61"}],"version-history":[{"count":0,"href":"https:\/\/www.wunschhochzeit.at\/de\/wp-json\/wp\/v2\/pages\/61\/revisions"}],"up":[{"embeddable":true,"href":"https:\/\/www.wunschhochzeit.at\/de\/wp-json\/wp\/v2\/pages\/53"}],"wp:attachment":[{"href":"https:\/\/www.wunschhochzeit.at\/de\/wp-json\/wp\/v2\/media?parent=61"}],"curies":[{"name":"wp","href":"https:\/\/api.w.org\/{rel}","templated":true}]}}