{"id":1932,"date":"2022-12-06T10:18:31","date_gmt":"2022-12-06T09:18:31","guid":{"rendered":"https:\/\/www.wunschhochzeit.at\/?page_id=1932"},"modified":"2023-05-24T21:40:04","modified_gmt":"2023-05-24T19:40:04","slug":"about-me","status":"publish","type":"page","link":"https:\/\/www.wunschhochzeit.at\/en\/about-me\/","title":{"rendered":"About me"},"content":{"rendered":"\n<figure class=\"wp-block-image size-full\"><img decoding=\"async\" width=\"768\" height=\"1024\" src=\"https:\/\/www.wunschhochzeit.at\/wp-content\/uploads\/2022\/12\/hochzeitsplanerin-kowalke-oesterreich.jpg\" alt=\"\" class=\"wp-image-914\" srcset=\"https:\/\/www.wunschhochzeit.at\/wp-content\/uploads\/2022\/12\/hochzeitsplanerin-kowalke-oesterreich.jpg 768w, https:\/\/www.wunschhochzeit.at\/wp-content\/uploads\/2022\/12\/hochzeitsplanerin-kowalke-oesterreich-480x640.jpg 480w, https:\/\/www.wunschhochzeit.at\/wp-content\/uploads\/2022\/12\/hochzeitsplanerin-kowalke-oesterreich-640x853.jpg 640w, https:\/\/www.wunschhochzeit.at\/wp-content\/uploads\/2022\/12\/hochzeitsplanerin-kowalke-oesterreich-720x960.jpg 720w, https:\/\/www.wunschhochzeit.at\/wp-content\/uploads\/2022\/12\/hochzeitsplanerin-kowalke-oesterreich-600x800.jpg 600w\" sizes=\"(max-width: 768px) 100vw, 768px\" \/><\/figure>\n\n\n\n<p><p>As one of the first wedding planners, I seized the chance to turn my passion for weddings into my career. I planned and designed weddings before this was even a recognised career in Austria.<\/p><p>I have been supporting bridal couples and producing unforgettable dream weddings across the whole of Austria for 20 years. I have travelled to every place that I have been needed between Bregenz and Vienna, full of passion. The wedding should run exactly according to the wishes of the couple. Whether it is an exclusive wedding in a romantic fairy-tale castle, a wedding in the mountains or a civil ceremony in a beautiful place in a natural landscape. I fulfil the heartfelt wishes of the bridal couple and let the newest trends influence the wedding. Now, just as I was then, I am happy to support people with my knowledge, experience, creativity, sociability, and organisational talents. I love what I do.<\/p><p>I support all bridal couples with realising their particular personal dream wedding. Most of all, couples from abroad enjoy the many advantages of my work and place all their trust in me, which makes me very happy and thankful.<\/p><\/p>\n\n\n\n<h1 class=\"wp-block-heading\">I am Barbara Kowalke \u2013 your wedding planner across the whole of Austria.<\/h1>\n\n\n\n<p><em>Read the feedback from my happy bridal couples<\/em><\/p>\n\n\n\n<div class=\"wp-block-buttons is-layout-flex wp-block-buttons-is-layout-flex\">\n<div class=\"wp-block-button\"><a class=\"wp-block-button__link wp-element-button\">Feedback<\/a><\/div>\n<\/div>\n\n\n\n<p>Liebe Barbara,<br>wir m\u00f6chten dir auf diesem Weg nochmals f\u00fcr deine professionelle Unterst\u00fctzung danken. Wir tr\u00e4umen immer noch von dem sch\u00f6nen Tag und den herrlichen Impressionen. Es gr\u00fc\u00dft und dankt dir herzlichst, das Brautpaar <br>Gabriela &amp; Robert aus Linz<\/p>\n\n\n\n<p>Liebe Barbara,<br>Danke f\u00fcr dieses unvergessliche Fest! Lilia &amp; Andreas aus D\u00fcsseldorf<\/p>\n\n\n\n<p>Dear Barbara,<br>you planned the most wonderful wedding for our daughter, Kaitlin in Lech. We have so many happy memories of 13 that time! It all seems like a beautiful dream now. We are forever grateful for your exquisite care and planning. <br>Peggy and Peter from USA<\/p>\n\n\n\n<p>Dear Barbara, thank you very much for realizing my dream! It has been an unforgettable experience from start to finish. Also on behalf of my future wife Bibi, I would like to thank you again for all your efforts to make Thursday evening an unforgettable experience. The horse carriage, the torches, the accordionist, the food, the schnapps, the lights, the heart, the skiers, the music, the roses, the restaurant, the table setting everything was perfekt! Really amazing! Best regards, <br>Robert &amp; Bibi von den Niederlanden<\/p>\n\n\n\n<p>Barbara du hast unsere Hochzeit zu einem unvergesslichen Erlebnis gemacht! Unsere Erwartungen wurden durch Deine<br>Professionalit\u00e4t und Deine Gabe, die W\u00fcnsche und Vorstellungen Deiner Kunden mit Feingef\u00fchl umzusetzen, weit \u00fcbertro\ufb00en! Herzlichen Dank daf\u00fcr liebe Barbara. Julia &amp; Harald aus H\u00f6chst<\/p>\n\n\n\n<p>Liebe Barbara<br>Du bist bei uns sehr pr\u00e4sent da keine Woche vergeht, wo wir nicht auf unser Fest angesprochen werden und Fotos zeigen m\u00fcssen ;-)). Das Fest war \u201etalk of the town\u201c in Luxemburg und hat viele neidisch gemacht die nicht eingeladen waren \u2026 Jedenfalls ist Kowalke als Agentur jetzt in Luxemburg auf dem Radar. Viele liebe Gr\u00fc\u00dfe aus Luxemburg von Eilo &amp; Pol<\/p>\n\n\n\n<p>Hallo Barbara,<br>unsere Hochzeit war ein Traum. Es hat alles super geklappt, es war einfach einer der sch\u00f6nsten Tage in unserem Leben. Ganz liebe Gr\u00fc\u00dfe Corina &amp; Christian aus Bregenz<\/p>\n\n\n\n<p>Liebe Frau Kowalke,<br>es war superklasse, wie Sie unsere Hochzeit zum absoluten Highlight gemacht haben. Danke Katrin &amp; Alfred aus Deutschland<\/p>\n\n\n\n<p>Dear Barbara,<br>Thank you so much for all your assistance to make our wedding day special! If you or your family ever visit Australia we would love to reciprocate your kindness Cathy &amp; Peter from Australia<\/p>\n\n\n\n<p>Liebe Barbara,<br>wir m\u00f6chten uns von ganzem Herzen f\u00fcr Deine tatkr\u00e4ftige Unterst\u00fctzung bedanken. Du warst mit Deiner Erfahrung, Geduld und deinem Einf\u00fchlungsverm\u00f6gen eine gro\u00dfe Hilfe und Bereicherung bei der Vorbereitung unserer Hochzeit. Manuela &amp; J\u00fcrgen aus Feldkirch<\/p>\n\n\n\n<p>Rufen Sie mich an und lassen Sie uns gemeinsam \u00fcber Ihre W\u00fcnsche sprechen. Ich freue mich auf Sie.<\/p>\n\n\n\n<div class=\"wp-block-buttons is-layout-flex wp-block-buttons-is-layout-flex\">\n<div class=\"wp-block-button\"><a class=\"wp-block-button__link wp-element-button\">Kontakt<\/a><\/div>\n<\/div>\n\n\n\n<h2 class=\"wp-block-heading\">Between Vienna and Bregenz<\/h2>\n\n\n\n<h3 class=\"wp-block-heading\">Milestones and awards<\/h3>\n\n\n\n<ul class=\"wp-block-list\">\n<li>Completed degree in business administration with a focus on marketing and organisation from the Kepler University in Linz<\/li>\n\n\n\n<li>Completed bachelor\u2019s degree in education<\/li>\n\n\n\n<li>Responsible for marketing and event for 15 years in renowned international firms<\/li>\n\n\n\n<li>Since 2003: wedding planner between Bregenz and Vienna for national and international couples<\/li>\n<\/ul>\n\n\n\n<h3 class=\"wp-block-heading\">My training in detail<\/h3>\n\n\n\n<ul class=\"wp-block-list\">\n<li>One of the first wedding planners in Austria<\/li>\n\n\n\n<li>Introduced the career of wedding planner in Vorarlberg<\/li>\n\n\n\n<li>Participant in the establishment and certification of the professional group of wedding planners in Austria<\/li>\n\n\n\n<li>T\u00dcV certified since 09.03.2017 as a Certified Senior Wedding Planner of Austria<\/li>\n\n\n\n<li>Since 20.04.2017 Speaker in the Economic Chamber for all wedding planners in Vorarlberg<\/li>\n<\/ul>\n\n\n\n<p>Do you want to meet me?<\/p>\n\n\n\n<div class=\"wp-block-buttons is-layout-flex wp-block-buttons-is-layout-flex\">\n<div class=\"wp-block-button\"><a class=\"wp-block-button__link wp-element-button\">Contact<\/a><\/div>\n<\/div>\n","protected":false},"excerpt":{"rendered":"<p>As one of the first wedding planners, I seized the chance to turn my passion for weddings into my career. I planned and designed weddings before this was even a recognised career in Austria. I have been supporting bridal couples and producing unforgettable dream weddings across the whole of Austria for 20 years. I have [&hellip;]<\/p>\n","protected":false},"author":1,"featured_media":0,"parent":0,"menu_order":0,"comment_status":"closed","ping_status":"closed","template":"","meta":{"_seopress_robots_primary_cat":"","_seopress_titles_title":"","_seopress_titles_desc":"","_seopress_robots_index":"","footnotes":""},"class_list":["post-1932","page","type-page","status-publish","hentry"],"meta_box":[],"_links":{"self":[{"href":"https:\/\/www.wunschhochzeit.at\/en\/wp-json\/wp\/v2\/pages\/1932","targetHints":{"allow":["GET"]}}],"collection":[{"href":"https:\/\/www.wunschhochzeit.at\/en\/wp-json\/wp\/v2\/pages"}],"about":[{"href":"https:\/\/www.wunschhochzeit.at\/en\/wp-json\/wp\/v2\/types\/page"}],"author":[{"embeddable":true,"href":"https:\/\/www.wunschhochzeit.at\/en\/wp-json\/wp\/v2\/users\/1"}],"replies":[{"embeddable":true,"href":"https:\/\/www.wunschhochzeit.at\/en\/wp-json\/wp\/v2\/comments?post=1932"}],"version-history":[{"count":0,"href":"https:\/\/www.wunschhochzeit.at\/en\/wp-json\/wp\/v2\/pages\/1932\/revisions"}],"wp:attachment":[{"href":"https:\/\/www.wunschhochzeit.at\/en\/wp-json\/wp\/v2\/media?parent=1932"}],"curies":[{"name":"wp","href":"https:\/\/api.w.org\/{rel}","templated":true}]}}